{"id":11,"date":"2024-05-22T10:18:02","date_gmt":"2024-05-22T13:18:02","guid":{"rendered":"https:\/\/sazearquitetura.com.br\/?page_id=11"},"modified":"2026-02-18T15:04:55","modified_gmt":"2026-02-18T18:04:55","slug":"sobre","status":"publish","type":"page","link":"https:\/\/sazearquitetura.com.br\/","title":{"rendered":"SAZE ARQUITETURA"},"content":{"rendered":"\r\n<p><img loading=\"lazy\" decoding=\"async\" class=\"alignnone wp-image-651 \" src=\"https:\/\/sazearquitetura.com.br\/wp-content\/uploads\/2026\/02\/Captura-de-tela-2026-02-18-123228-2.jpg\" alt=\"\" width=\"570\" height=\"597\" srcset=\"https:\/\/sazearquitetura.com.br\/wp-content\/uploads\/2026\/02\/Captura-de-tela-2026-02-18-123228-2.jpg 914w, https:\/\/sazearquitetura.com.br\/wp-content\/uploads\/2026\/02\/Captura-de-tela-2026-02-18-123228-2-287x300.jpg 287w, https:\/\/sazearquitetura.com.br\/wp-content\/uploads\/2026\/02\/Captura-de-tela-2026-02-18-123228-2-143x150.jpg 143w, https:\/\/sazearquitetura.com.br\/wp-content\/uploads\/2026\/02\/Captura-de-tela-2026-02-18-123228-2-768x804.jpg 768w, https:\/\/sazearquitetura.com.br\/wp-content\/uploads\/2026\/02\/Captura-de-tela-2026-02-18-123228-2-800x838.jpg 800w, https:\/\/sazearquitetura.com.br\/wp-content\/uploads\/2026\/02\/Captura-de-tela-2026-02-18-123228-2-400x419.jpg 400w\" sizes=\"auto, (max-width: 570px) 100vw, 570px\" \/><\/p>\r\n<p>\u00a0 \u00a0 \u00a0 \u00a0 \u00a0 \u00a0 \u00a0 Projetos <strong>ONLINE<\/strong> e <strong>PRESENCIAL<\/strong>\u00a0<\/p>\r\n<p>\u00a0 \u00a0 \u00a0 \u00a0 \u00a0<em> \u00a0 \u00a0 Clique na barra para ver nossos projetos.<\/em><\/p>\r\n<p style=\"text-align: right;\"><em>\u00a0<\/em><\/p>\r\n<p>&nbsp;<\/p>\r\n<p>&nbsp;<\/p>\r\n<p><img loading=\"lazy\" decoding=\"async\" class=\"alignnone  wp-image-587\" src=\"https:\/\/sazearquitetura.com.br\/wp-content\/uploads\/2026\/02\/Captura-de-tela-2026-02-18-121829.jpg\" alt=\"\" width=\"738\" height=\"421\" srcset=\"https:\/\/sazearquitetura.com.br\/wp-content\/uploads\/2026\/02\/Captura-de-tela-2026-02-18-121829.jpg 1507w, https:\/\/sazearquitetura.com.br\/wp-content\/uploads\/2026\/02\/Captura-de-tela-2026-02-18-121829-300x171.jpg 300w, https:\/\/sazearquitetura.com.br\/wp-content\/uploads\/2026\/02\/Captura-de-tela-2026-02-18-121829-1024x584.jpg 1024w, https:\/\/sazearquitetura.com.br\/wp-content\/uploads\/2026\/02\/Captura-de-tela-2026-02-18-121829-150x86.jpg 150w, https:\/\/sazearquitetura.com.br\/wp-content\/uploads\/2026\/02\/Captura-de-tela-2026-02-18-121829-768x438.jpg 768w, https:\/\/sazearquitetura.com.br\/wp-content\/uploads\/2026\/02\/Captura-de-tela-2026-02-18-121829-800x456.jpg 800w, https:\/\/sazearquitetura.com.br\/wp-content\/uploads\/2026\/02\/Captura-de-tela-2026-02-18-121829-400x228.jpg 400w\" sizes=\"auto, (max-width: 738px) 100vw, 738px\" \/>\u00a0 \u00a0 \u00a0 \u00a0 \u00a0 \u00a0 \u00a0 \u00a0 \u00a0 \u00a0 \u00a0 \u00a0 \u00a0 \u00a0 <img loading=\"lazy\" decoding=\"async\" class=\"alignnone  wp-image-578\" src=\"https:\/\/sazearquitetura.com.br\/wp-content\/uploads\/2026\/02\/Captura-de-tela-2026-02-18-121016.png\" alt=\"\" width=\"610\" height=\"465\" srcset=\"https:\/\/sazearquitetura.com.br\/wp-content\/uploads\/2026\/02\/Captura-de-tela-2026-02-18-121016.png 1575w, https:\/\/sazearquitetura.com.br\/wp-content\/uploads\/2026\/02\/Captura-de-tela-2026-02-18-121016-300x229.png 300w, https:\/\/sazearquitetura.com.br\/wp-content\/uploads\/2026\/02\/Captura-de-tela-2026-02-18-121016-1024x780.png 1024w, https:\/\/sazearquitetura.com.br\/wp-content\/uploads\/2026\/02\/Captura-de-tela-2026-02-18-121016-150x114.png 150w, https:\/\/sazearquitetura.com.br\/wp-content\/uploads\/2026\/02\/Captura-de-tela-2026-02-18-121016-768x585.png 768w, https:\/\/sazearquitetura.com.br\/wp-content\/uploads\/2026\/02\/Captura-de-tela-2026-02-18-121016-1536x1170.png 1536w, https:\/\/sazearquitetura.com.br\/wp-content\/uploads\/2026\/02\/Captura-de-tela-2026-02-18-121016-800x610.png 800w, https:\/\/sazearquitetura.com.br\/wp-content\/uploads\/2026\/02\/Captura-de-tela-2026-02-18-121016-400x305.png 400w\" sizes=\"auto, (max-width: 610px) 100vw, 610px\" \/><img loading=\"lazy\" decoding=\"async\" class=\"wp-image-529 alignright\" src=\"https:\/\/sazearquitetura.com.br\/wp-content\/uploads\/2025\/08\/8b1d1a59274845.5a1c639d56d42-scaled.jpg\" alt=\"\" width=\"846\" height=\"476\" srcset=\"https:\/\/sazearquitetura.com.br\/wp-content\/uploads\/2025\/08\/8b1d1a59274845.5a1c639d56d42-scaled.jpg 2560w, https:\/\/sazearquitetura.com.br\/wp-content\/uploads\/2025\/08\/8b1d1a59274845.5a1c639d56d42-300x169.jpg 300w, https:\/\/sazearquitetura.com.br\/wp-content\/uploads\/2025\/08\/8b1d1a59274845.5a1c639d56d42-1024x576.jpg 1024w, https:\/\/sazearquitetura.com.br\/wp-content\/uploads\/2025\/08\/8b1d1a59274845.5a1c639d56d42-150x84.jpg 150w, https:\/\/sazearquitetura.com.br\/wp-content\/uploads\/2025\/08\/8b1d1a59274845.5a1c639d56d42-768x432.jpg 768w, https:\/\/sazearquitetura.com.br\/wp-content\/uploads\/2025\/08\/8b1d1a59274845.5a1c639d56d42-1536x864.jpg 1536w, https:\/\/sazearquitetura.com.br\/wp-content\/uploads\/2025\/08\/8b1d1a59274845.5a1c639d56d42-2048x1152.jpg 2048w, https:\/\/sazearquitetura.com.br\/wp-content\/uploads\/2025\/08\/8b1d1a59274845.5a1c639d56d42-800x450.jpg 800w, https:\/\/sazearquitetura.com.br\/wp-content\/uploads\/2025\/08\/8b1d1a59274845.5a1c639d56d42-400x225.jpg 400w\" sizes=\"auto, (max-width: 846px) 100vw, 846px\" \/><\/p>\r\n<p>&nbsp;<\/p>\r\n<p>&nbsp;<\/p>\r\n<p class=\"has-medium-font-size\"><strong>SAZE ARQUITETURA \/ SOBRE<\/strong><\/p>\r\n\r\n\r\n\r\n<p>\u00a0Criado em 2017 por Samuel Saze Assun\u00e7\u00e3o, o escrit\u00f3rio busca uma arquitetura personalizada, sem restri\u00e7\u00f5es de escala. Projetamos e criamos espa\u00e7os arquitet\u00f4nicos que visam \u00e0 identidade \u00fanica de cada cliente, seja pessoal ou empresarial, buscando a uni\u00e3o entre conforto, est\u00e9tica e funcionalidade. Atentos \u00e0s tend\u00eancias nacionais e internacionais, buscamos melhorar a qualidade de vida das pessoas atrav\u00e9s de projetos criativos, pr\u00e1ticos e detalhados, al\u00e9m de oferecer curadoria de materiais, especifica\u00e7\u00f5es e consultoria de obras, com especialidade na concep\u00e7\u00e3o de projetos personalizados. Samuel tem forma\u00e7\u00f5es de: Bacharelado em Arquitetura e Urbanismo &#8211; FMU ,Inicia\u00e7\u00e3o de especializa\u00e7\u00f5es projetos &#8211; Mackenzie, Forma\u00e7\u00e3o em projeto tridimensional &#8211; Belas Artes<\/p>\r\n<p><img loading=\"lazy\" decoding=\"async\" class=\"alignnone size-full wp-image-657\" src=\"https:\/\/sazearquitetura.com.br\/wp-content\/uploads\/2026\/02\/Captura-de-tela-2026-02-18-145805-1.png\" alt=\"\" width=\"975\" height=\"685\" srcset=\"https:\/\/sazearquitetura.com.br\/wp-content\/uploads\/2026\/02\/Captura-de-tela-2026-02-18-145805-1.png 975w, https:\/\/sazearquitetura.com.br\/wp-content\/uploads\/2026\/02\/Captura-de-tela-2026-02-18-145805-1-300x211.png 300w, https:\/\/sazearquitetura.com.br\/wp-content\/uploads\/2026\/02\/Captura-de-tela-2026-02-18-145805-1-150x105.png 150w, https:\/\/sazearquitetura.com.br\/wp-content\/uploads\/2026\/02\/Captura-de-tela-2026-02-18-145805-1-768x540.png 768w, https:\/\/sazearquitetura.com.br\/wp-content\/uploads\/2026\/02\/Captura-de-tela-2026-02-18-145805-1-800x562.png 800w, https:\/\/sazearquitetura.com.br\/wp-content\/uploads\/2026\/02\/Captura-de-tela-2026-02-18-145805-1-400x281.png 400w\" sizes=\"auto, (max-width: 975px) 100vw, 975px\" \/><\/p>\r\n\r\n\r\n\r\n<p>&nbsp;<\/p>\r\n<p>&nbsp;<\/p>\r\n\r\n\r\n\r\n<p class=\"has-medium-font-size\"><strong>METODOLOGIA DE PR<\/strong><strong>OJETO ARQUITET\u00d4NICO E DESIGN<\/strong><\/p>\r\n\r\n\r\n\r\n<p>Reuni\u00e3o Inicial \u2013 Necessidades do cliente<br \/>Cria\u00e7\u00e3o de projeto em 3D \u2013 Imagens real\u00edsticas<br \/>Projeto completo para execu\u00e7\u00e3o e aprova\u00e7\u00f5es \u2013 Plantas t\u00e9cnicas<br \/>Projeto conceito Marcenaria e Mobili\u00e1rio \u2013 Medidas Acabamentos<\/p>\r\n\r\n\r\n\r\n<p class=\"has-medium-font-size\"><strong>EQUIPE DE PROJETO<\/strong><\/p>\r\n\r\n\r\n\r\n<p>Colaboradores e parceiros que se identificam com nossa metodologia e qualidade das entregas.<\/p>\r\n\r\n\r\n\r\n<figure class=\"wp-block-image size-full\"><img loading=\"lazy\" decoding=\"async\" width=\"1960\" height=\"1366\" class=\"wp-image-89\" src=\"https:\/\/sazearquitetura.com.br\/wp-content\/uploads\/2024\/05\/SOBRE.jpg\" alt=\"\" srcset=\"https:\/\/sazearquitetura.com.br\/wp-content\/uploads\/2024\/05\/SOBRE.jpg 1960w, https:\/\/sazearquitetura.com.br\/wp-content\/uploads\/2024\/05\/SOBRE-300x209.jpg 300w, https:\/\/sazearquitetura.com.br\/wp-content\/uploads\/2024\/05\/SOBRE-1024x714.jpg 1024w, https:\/\/sazearquitetura.com.br\/wp-content\/uploads\/2024\/05\/SOBRE-768x535.jpg 768w, https:\/\/sazearquitetura.com.br\/wp-content\/uploads\/2024\/05\/SOBRE-1536x1070.jpg 1536w, https:\/\/sazearquitetura.com.br\/wp-content\/uploads\/2024\/05\/SOBRE-800x558.jpg 800w, https:\/\/sazearquitetura.com.br\/wp-content\/uploads\/2024\/05\/SOBRE-400x279.jpg 400w\" sizes=\"auto, (max-width: 1960px) 100vw, 1960px\" \/><\/figure>\r\n","protected":false},"excerpt":{"rendered":"<p>\u00a0 \u00a0 \u00a0 \u00a0 \u00a0 \u00a0 \u00a0 Projetos ONLINE e PRESENCIAL\u00a0 \u00a0 \u00a0 \u00a0 \u00a0 \u00a0 \u00a0 \u00a0 Clique na barra para ver nossos projetos. \u00a0 &nbsp; &nbsp; \u00a0 \u00a0 \u00a0 \u00a0 \u00a0 \u00a0 \u00a0 \u00a0 \u00a0 \u00a0 \u00a0 \u00a0 \u00a0 \u00a0 &nbsp; &nbsp; SAZE ARQUITETURA \/ SOBRE \u00a0Criado em 2017 por Samuel Saze Assun\u00e7\u00e3o, [&hellip;]<\/p>\n","protected":false},"author":1,"featured_media":0,"parent":0,"menu_order":0,"comment_status":"closed","ping_status":"closed","template":"","meta":{"_joinchat":[],"footnotes":""},"class_list":["post-11","page","type-page","status-publish","hentry"],"_links":{"self":[{"href":"https:\/\/sazearquitetura.com.br\/index.php?rest_route=\/wp\/v2\/pages\/11","targetHints":{"allow":["GET"]}}],"collection":[{"href":"https:\/\/sazearquitetura.com.br\/index.php?rest_route=\/wp\/v2\/pages"}],"about":[{"href":"https:\/\/sazearquitetura.com.br\/index.php?rest_route=\/wp\/v2\/types\/page"}],"author":[{"embeddable":true,"href":"https:\/\/sazearquitetura.com.br\/index.php?rest_route=\/wp\/v2\/users\/1"}],"replies":[{"embeddable":true,"href":"https:\/\/sazearquitetura.com.br\/index.php?rest_route=%2Fwp%2Fv2%2Fcomments&post=11"}],"version-history":[{"count":63,"href":"https:\/\/sazearquitetura.com.br\/index.php?rest_route=\/wp\/v2\/pages\/11\/revisions"}],"predecessor-version":[{"id":660,"href":"https:\/\/sazearquitetura.com.br\/index.php?rest_route=\/wp\/v2\/pages\/11\/revisions\/660"}],"wp:attachment":[{"href":"https:\/\/sazearquitetura.com.br\/index.php?rest_route=%2Fwp%2Fv2%2Fmedia&parent=11"}],"curies":[{"name":"wp","href":"https:\/\/api.w.org\/{rel}","templated":true}]}}